{"id":2972,"date":"2021-07-05T10:52:28","date_gmt":"2021-07-05T10:52:28","guid":{"rendered":"https:\/\/cenefas-sl.com\/tapis-en-vinyle\/"},"modified":"2023-10-13T08:49:29","modified_gmt":"2023-10-13T08:49:29","slug":"tapis-en-vinyle","status":"publish","type":"page","link":"https:\/\/cenefas-sl.com\/fr\/tapis-en-vinyle\/","title":{"rendered":"Tapis en vinyle"},"content":{"rendered":"<p>[vc_row header_feature=\u00a0\u00bbyes\u00a0\u00bb padding_bottom=\u00a0\u00bb120&Prime; margin_bottom=\u00a0\u00bb0&Prime;][vc_column tablet_sm_width=\u00a0\u00bb1&Prime;]<div class=\"eut-element eut-image eut-align-center\" style=\"\"><img loading=\"lazy\" decoding=\"async\" width=\"799\" height=\"900\" src=\"https:\/\/cenefas-sl.com\/wp-content\/uploads\/2015\/11\/cenefas-alfombras-categoria2.jpg\" class=\"attachment-full size-full\" alt=\"\" srcset=\"https:\/\/cenefas-sl.com\/wp-content\/uploads\/2015\/11\/cenefas-alfombras-categoria2.jpg 799w, https:\/\/cenefas-sl.com\/wp-content\/uploads\/2015\/11\/cenefas-alfombras-categoria2-266x300.jpg 266w, https:\/\/cenefas-sl.com\/wp-content\/uploads\/2015\/11\/cenefas-alfombras-categoria2-768x865.jpg 768w\" sizes=\"auto, (max-width: 799px) 100vw, 799px\" \/><\/div>[\/vc_column][vc_column][vc_empty_space height=\u00a0\u00bb60&Prime;][\/vc_column][vc_column width=\u00a0\u00bb1\/3&Prime;]<div class=\"eut-element eut-box-icon eut-align-left eut-small eut-animated-item eut-fadeInLeft\" style=\"\" data-delay=\"200\"><div class=\"eut-wrapper-icon eut-no-shape eut-color-grey\"><i class=\"smp-icon-badge eut-color-primary-1\"><\/i><\/div>  <div class=\"eut-box-content\">    <div class=\"eut-box-title-wrapper\">      <h5 class=\"eut-box-title\">Qualit\u00e9<\/h5>    <\/div>    <p class=\"\">Tapis en vinyle fabriqu\u00e9 en Espagne , tr\u00e9s durable et facile \u00e0 nettoyer.<\/p>  <\/div><\/div>[\/vc_column][vc_column width=\u00a0\u00bb1\/3&Prime;]<div class=\"eut-element eut-box-icon eut-align-left eut-small eut-animated-item eut-fadeInLeft\" style=\"\" data-delay=\"400\"><div class=\"eut-wrapper-icon eut-no-shape eut-color-grey\"><i class=\"smp-icon-diamond eut-color-primary-1\"><\/i><\/div>  <div class=\"eut-box-content\">    <div class=\"eut-box-title-wrapper\">      <h5 class=\"eut-box-title\">DESIGN<\/h5>    <\/div>    <p class=\"\">Polyvalence dans la cr\u00e9ation et l&rsquo;impression de notre collection num\u00e9rique <\/p>  <\/div><\/div>[\/vc_column][vc_column width=\u00a0\u00bb1\/3&Prime;]<div class=\"eut-element eut-box-icon eut-align-left eut-small eut-animated-item eut-fadeInLeft\" style=\"\" data-delay=\"600\"><div class=\"eut-wrapper-icon eut-no-shape eut-color-grey\"><i class=\"typcn typcn-leaf eut-color-primary-1\"><\/i><\/div>  <div class=\"eut-box-content\">    <div class=\"eut-box-title-wrapper\">      <h5 class=\"eut-box-title\">ENVIRONNEMENT<\/h5>    <\/div>    <p class=\"\">Nous travaillons quotidiennement pour adapter nos produits \u00e0 un environnement durable <\/p>  <\/div><\/div>[\/vc_column][\/vc_row][vc_row heading_color=\u00a0\u00bblight\u00a0\u00bb bg_type=\u00a0\u00bbimage\u00a0\u00bb bg_image=\u00a0\u00bb2469&Prime; bg_image_type=\u00a0\u00bbparallax\u00a0\u00bb color_overlay=\u00a0\u00bbdark\u00a0\u00bb opacity_overlay=\u00a0\u00bb80&Prime; footer_feature=\u00a0\u00bbyes\u00a0\u00bb padding_top=\u00a0\u00bb180&Prime; padding_bottom=\u00a0\u00bb180&Prime; font_color=\u00a0\u00bb#ffffff\u00a0\u00bb margin_bottom=\u00a0\u00bb0&Prime;][vc_column css=\u00a0\u00bb.vc_custom_1449006220400{padding-right: 12% !important;padding-left: 12% !important;}\u00a0\u00bb]<h3 class=\"eut-element eut-align-center eut-title-line\" style=\"\"><span>D\u00e9couvrez tout notre catalogue<\/span><\/h3><div class=\"eut-element eut-align-center\"><a class=\"eut-btn eut-btn-medium eut-square eut-bg-primary-1\" href=\"https:\/\/tienda.cenefas-sl.com\/es\/catalogo\/cenefas-y-complementos\/alfombras-digitales\/\" target=\"_self\" style=\"\"><span>Voir catalogue<\/span><\/a><\/div>[\/vc_column][\/vc_row]<\/p>\n","protected":false},"excerpt":{"rendered":"<p>[vc_row header_feature=\u00a0\u00bbyes\u00a0\u00bb padding_bottom=\u00a0\u00bb120&Prime; margin_bottom=\u00a0\u00bb0&Prime;][vc_column tablet_sm_width=\u00a0\u00bb1&Prime;][\/vc_column][vc_column][vc_empty_space height=\u00a0\u00bb60&Prime;][\/vc_column][vc_column width=\u00a0\u00bb1\/3&Prime;][\/vc_column][vc_column width=\u00a0\u00bb1\/3&Prime;][\/vc_column][vc_column width=\u00a0\u00bb1\/3&Prime;][\/vc_column][\/vc_row][vc_row heading_color=\u00a0\u00bblight\u00a0\u00bb bg_type=\u00a0\u00bbimage\u00a0\u00bb bg_image=\u00a0\u00bb2469&Prime; bg_image_type=\u00a0\u00bbparallax\u00a0\u00bb color_overlay=\u00a0\u00bbdark\u00a0\u00bb opacity_overlay=\u00a0\u00bb80&Prime; footer_feature=\u00a0\u00bbyes\u00a0\u00bb padding_top=\u00a0\u00bb180&Prime; padding_bottom=\u00a0\u00bb180&Prime; font_color=\u00a0\u00bb#ffffff\u00a0\u00bb margin_bottom=\u00a0\u00bb0&Prime;][vc_column css=\u00a0\u00bb.vc_custom_1449006220400{padding-right: 12% !important;padding-left: 12% !important;}\u00a0\u00bb][\/vc_column][\/vc_row]<\/p>\n","protected":false},"author":1,"featured_media":0,"parent":0,"menu_order":0,"comment_status":"closed","ping_status":"closed","template":"","meta":{"footnotes":""},"class_list":["post-2972","page","type-page","status-publish","hentry"],"_links":{"self":[{"href":"https:\/\/cenefas-sl.com\/fr\/wp-json\/wp\/v2\/pages\/2972","targetHints":{"allow":["GET"]}}],"collection":[{"href":"https:\/\/cenefas-sl.com\/fr\/wp-json\/wp\/v2\/pages"}],"about":[{"href":"https:\/\/cenefas-sl.com\/fr\/wp-json\/wp\/v2\/types\/page"}],"author":[{"embeddable":true,"href":"https:\/\/cenefas-sl.com\/fr\/wp-json\/wp\/v2\/users\/1"}],"replies":[{"embeddable":true,"href":"https:\/\/cenefas-sl.com\/fr\/wp-json\/wp\/v2\/comments?post=2972"}],"version-history":[{"count":2,"href":"https:\/\/cenefas-sl.com\/fr\/wp-json\/wp\/v2\/pages\/2972\/revisions"}],"predecessor-version":[{"id":3058,"href":"https:\/\/cenefas-sl.com\/fr\/wp-json\/wp\/v2\/pages\/2972\/revisions\/3058"}],"wp:attachment":[{"href":"https:\/\/cenefas-sl.com\/fr\/wp-json\/wp\/v2\/media?parent=2972"}],"curies":[{"name":"wp","href":"https:\/\/api.w.org\/{rel}","templated":true}]}}