{"id":2976,"date":"2021-07-05T10:47:23","date_gmt":"2021-07-05T10:47:23","guid":{"rendered":"https:\/\/cenefas-sl.com\/vitrostatique\/"},"modified":"2023-10-13T08:54:26","modified_gmt":"2023-10-13T08:54:26","slug":"vitrostatique","status":"publish","type":"page","link":"https:\/\/cenefas-sl.com\/fr\/vitrostatique\/","title":{"rendered":"Vitrostatique"},"content":{"rendered":"<p>[vc_row header_feature=\u00a0\u00bbyes\u00a0\u00bb padding_bottom=\u00a0\u00bb120&Prime; margin_bottom=\u00a0\u00bb0&Prime;][vc_column tablet_sm_width=\u00a0\u00bb1&Prime;]<div class=\"eut-element eut-image eut-align-center\" style=\"\"><img loading=\"lazy\" decoding=\"async\" width=\"1920\" height=\"760\" src=\"https:\/\/cenefas-sl.com\/wp-content\/uploads\/2015\/11\/staticplas-.jpg\" class=\"attachment-full size-full\" alt=\"\" srcset=\"https:\/\/cenefas-sl.com\/wp-content\/uploads\/2015\/11\/staticplas-.jpg 1920w, https:\/\/cenefas-sl.com\/wp-content\/uploads\/2015\/11\/staticplas--300x119.jpg 300w, https:\/\/cenefas-sl.com\/wp-content\/uploads\/2015\/11\/staticplas--1024x405.jpg 1024w, https:\/\/cenefas-sl.com\/wp-content\/uploads\/2015\/11\/staticplas--768x304.jpg 768w, https:\/\/cenefas-sl.com\/wp-content\/uploads\/2015\/11\/staticplas--1536x608.jpg 1536w\" sizes=\"auto, (max-width: 1920px) 100vw, 1920px\" \/><\/div>[\/vc_column][vc_column][vc_empty_space height=\u00a0\u00bb60&Prime;][\/vc_column][vc_column width=\u00a0\u00bb1\/3&Prime;]<div class=\"eut-element eut-box-icon eut-align-left eut-small eut-animated-item eut-fadeInLeft\" style=\"\" data-delay=\"200\"><div class=\"eut-wrapper-icon eut-no-shape eut-color-grey\"><i class=\"smp-icon-badge eut-color-primary-1\"><\/i><\/div>  <div class=\"eut-box-content\">    <div class=\"eut-box-title-wrapper\">      <h5 class=\"eut-box-title\">Qualit\u00e9<\/h5>    <\/div>    <p class=\"\">Feuilles de vinyle fabriqu\u00e9es en Espagne, conformes aux normes e qualit\u00e9 europ\u00e9ennes <\/p>  <\/div><\/div>[\/vc_column][vc_column width=\u00a0\u00bb1\/3&Prime;]<div class=\"eut-element eut-box-icon eut-align-left eut-small eut-animated-item eut-fadeInLeft\" style=\"\" data-delay=\"400\"><div class=\"eut-wrapper-icon eut-no-shape eut-color-grey\"><i class=\"smp-icon-diamond eut-color-primary-1\"><\/i><\/div>  <div class=\"eut-box-content\">    <div class=\"eut-box-title-wrapper\">      <h5 class=\"eut-box-title\">DESIGN<\/h5>    <\/div>    <p class=\"\">Polyvalence dans la cr\u00e9ation et l&rsquo;impression de notre collection num\u00e9rique <\/p>  <\/div><\/div>[\/vc_column][vc_column width=\u00a0\u00bb1\/3&Prime;]<div class=\"eut-element eut-box-icon eut-align-left eut-small eut-animated-item eut-fadeInLeft\" style=\"\" data-delay=\"600\"><div class=\"eut-wrapper-icon eut-no-shape eut-color-grey\"><i class=\"typcn typcn-leaf eut-color-primary-1\"><\/i><\/div>  <div class=\"eut-box-content\">    <div class=\"eut-box-title-wrapper\">      <h5 class=\"eut-box-title\">ENVIRONNEMENT<\/h5>    <\/div>    <p class=\"\">Nous travaillons quotidiennement pour adapter nos produits \u00e0 un environnement durable <\/p>  <\/div><\/div>[\/vc_column][\/vc_row][vc_row heading_color=\u00a0\u00bblight\u00a0\u00bb bg_type=\u00a0\u00bbimage\u00a0\u00bb bg_image=\u00a0\u00bb2473&Prime; bg_image_type=\u00a0\u00bbparallax\u00a0\u00bb color_overlay=\u00a0\u00bbdark\u00a0\u00bb opacity_overlay=\u00a0\u00bb80&Prime; footer_feature=\u00a0\u00bbyes\u00a0\u00bb padding_top=\u00a0\u00bb180&Prime; padding_bottom=\u00a0\u00bb180&Prime; font_color=\u00a0\u00bb#ffffff\u00a0\u00bb margin_bottom=\u00a0\u00bb0&Prime;][vc_column css=\u00a0\u00bb.vc_custom_1449006220400{padding-right: 12% !important;padding-left: 12% !important;}\u00a0\u00bb]<h3 class=\"eut-element eut-align-center eut-title-line\" style=\"\"><span>D\u00e9couvrez tout notre catalogue<\/span><\/h3><div class=\"eut-element eut-align-center\"><a class=\"eut-btn eut-btn-medium eut-square eut-bg-primary-1\" href=\"https:\/\/tienda.cenefas-sl.com\/es\/catalogo\/cenefas-y-complementos\/staticplas-laminas-estaticas\" target=\"_self\" style=\"\"><span>Voir catalogue<\/span><\/a><\/div>[\/vc_column][\/vc_row]<\/p>\n","protected":false},"excerpt":{"rendered":"<p>[vc_row header_feature=\u00a0\u00bbyes\u00a0\u00bb padding_bottom=\u00a0\u00bb120&Prime; margin_bottom=\u00a0\u00bb0&Prime;][vc_column tablet_sm_width=\u00a0\u00bb1&Prime;][\/vc_column][vc_column][vc_empty_space height=\u00a0\u00bb60&Prime;][\/vc_column][vc_column width=\u00a0\u00bb1\/3&Prime;][\/vc_column][vc_column width=\u00a0\u00bb1\/3&Prime;][\/vc_column][vc_column width=\u00a0\u00bb1\/3&Prime;][\/vc_column][\/vc_row][vc_row heading_color=\u00a0\u00bblight\u00a0\u00bb bg_type=\u00a0\u00bbimage\u00a0\u00bb bg_image=\u00a0\u00bb2473&Prime; bg_image_type=\u00a0\u00bbparallax\u00a0\u00bb color_overlay=\u00a0\u00bbdark\u00a0\u00bb opacity_overlay=\u00a0\u00bb80&Prime; footer_feature=\u00a0\u00bbyes\u00a0\u00bb padding_top=\u00a0\u00bb180&Prime; padding_bottom=\u00a0\u00bb180&Prime; font_color=\u00a0\u00bb#ffffff\u00a0\u00bb margin_bottom=\u00a0\u00bb0&Prime;][vc_column css=\u00a0\u00bb.vc_custom_1449006220400{padding-right: 12% !important;padding-left: 12% !important;}\u00a0\u00bb][\/vc_column][\/vc_row]<\/p>\n","protected":false},"author":1,"featured_media":0,"parent":0,"menu_order":0,"comment_status":"closed","ping_status":"closed","template":"","meta":{"footnotes":""},"class_list":["post-2976","page","type-page","status-publish","hentry"],"_links":{"self":[{"href":"https:\/\/cenefas-sl.com\/fr\/wp-json\/wp\/v2\/pages\/2976","targetHints":{"allow":["GET"]}}],"collection":[{"href":"https:\/\/cenefas-sl.com\/fr\/wp-json\/wp\/v2\/pages"}],"about":[{"href":"https:\/\/cenefas-sl.com\/fr\/wp-json\/wp\/v2\/types\/page"}],"author":[{"embeddable":true,"href":"https:\/\/cenefas-sl.com\/fr\/wp-json\/wp\/v2\/users\/1"}],"replies":[{"embeddable":true,"href":"https:\/\/cenefas-sl.com\/fr\/wp-json\/wp\/v2\/comments?post=2976"}],"version-history":[{"count":2,"href":"https:\/\/cenefas-sl.com\/fr\/wp-json\/wp\/v2\/pages\/2976\/revisions"}],"predecessor-version":[{"id":3062,"href":"https:\/\/cenefas-sl.com\/fr\/wp-json\/wp\/v2\/pages\/2976\/revisions\/3062"}],"wp:attachment":[{"href":"https:\/\/cenefas-sl.com\/fr\/wp-json\/wp\/v2\/media?parent=2976"}],"curies":[{"name":"wp","href":"https:\/\/api.w.org\/{rel}","templated":true}]}}