{"id":2987,"date":"2021-07-23T07:27:29","date_gmt":"2021-07-23T07:27:29","guid":{"rendered":"https:\/\/cenefas-sl.com\/politique-de-confidentialite\/"},"modified":"2022-02-28T10:35:31","modified_gmt":"2022-02-28T10:35:31","slug":"politique-de-confidentialite","status":"publish","type":"page","link":"https:\/\/cenefas-sl.com\/fr\/politique-de-confidentialite\/","title":{"rendered":"Politique de confidentialit\u00e9"},"content":{"rendered":"\n<h2 class=\"wp-block-heading\"><meta charset=\"utf-8\"\/> 1. Politique de confidentialit\u00e9<\/h2>\n\n<p>Cenefas S.L. informe les utilisateurs du site Web de sa politique en mati\u00e8re de traitement et de protection des donn\u00e9es personnelles des utilisateurs et des clients qui peuvent \u00eatre collect\u00e9es en naviguant ou en contractant des services via son site Web. En ce sens, Cenefas S.L. garantit le respect de la r\u00e9glementation en vigueur sur la protection des donn\u00e9es personnelles, refl\u00e9t\u00e9e dans la loi organique 15\/1999 du 13 d\u00e9cembre sur la protection des donn\u00e9es personnelles et dans le d\u00e9cret royal 1720\/2007 du 21 d\u00e9cembre, par le r\u00e8glement de d\u00e9veloppement de la LOPD est approuv\u00e9.<br\/>L&rsquo;utilisation de ce site implique l&rsquo;acceptation de cette politique de confidentialit\u00e9.<\/p>\n\n<h2 class=\"wp-block-heading\"><meta charset=\"utf-8\"\/>2.Collecte, finalit\u00e9 et traitement des donn\u00e9es<\/h2>\n\n<p>Cenefas S.L. a le devoir d&rsquo;informer les utilisateurs de son site Web de la collecte de donn\u00e9es personnelles qui peut \u00eatre effectu\u00e9e, soit en envoyant un courrier \u00e9lectronique, soit en remplissant les formulaires inclus sur le site. En ce sens, Cenefas S.L. sera consid\u00e9r\u00e9 comme responsable des donn\u00e9es collect\u00e9es par les moyens d\u00e9crits ci-dessus.<br\/>\u00c0 son tour, Cenefas S.L. informe les utilisateurs que le but du traitement des donn\u00e9es collect\u00e9es comprend: l&rsquo;attention aux demandes formul\u00e9es par les utilisateurs, l&rsquo;inscription dans la liste de contacts, la fourniture de services et la gestion de la relation commerciale. Les op\u00e9rations, la gestion et les proc\u00e9dures techniques qui sont effectu\u00e9es de mani\u00e8re automatis\u00e9e ou non et qui permettent la collecte, le stockage, la modification, le transfert et d&rsquo;autres actions sur les donn\u00e9es personnelles, sont consid\u00e9r\u00e9es comme des traitements de donn\u00e9es personnelles. Toutes les donn\u00e9es personnelles collect\u00e9es via le site Web de Cenefas S.L., et donc consid\u00e9r\u00e9es comme un traitement de donn\u00e9es personnelles, seront incluses dans les fichiers d\u00e9clar\u00e9s \u00e0 l&rsquo;Agence espagnole de protection des donn\u00e9es par Cenefas S.L.<\/p>\n\n<h2 class=\"wp-block-heading\"><meta charset=\"utf-8\"\/>3. Communication d&rsquo;informations \u00e0 des tiers<\/h2>\n\n<p>Cenefas S.L. informe les utilisateurs que leurs donn\u00e9es personnelles ne seront pas transf\u00e9r\u00e9es \u00e0 des organismes tiers, sauf si ledit transfert de donn\u00e9es est couvert par une obligation l\u00e9gale ou lorsque la fourniture d&rsquo;un service implique la n\u00e9cessit\u00e9 d&rsquo;une relation contractuelle avec un responsable de traitement. . Dans ce dernier cas, le transfert de donn\u00e9es au tiers ne sera effectu\u00e9 que lorsque Cenefas S.L. avoir le consentement expr\u00e8s de l&rsquo;utilisateur.<\/p>\n\n<h2 class=\"wp-block-heading\"><meta charset=\"utf-8\"\/>4. Droits de l&rsquo;utilisateur<\/h2>\n\n<p>La loi organique 15\/1999, du 13 d\u00e9cembre, sur la protection des donn\u00e9es personnelles accorde aux parties int\u00e9ress\u00e9es la possibilit\u00e9 d&rsquo;exercer une s\u00e9rie de droits li\u00e9s au traitement de leurs donn\u00e9es personnelles. Dans la mesure o\u00f9 les donn\u00e9es de l&rsquo;utilisateur sont trait\u00e9es par Cenefas S.L. Les utilisateurs peuvent exercer leurs droits d&rsquo;acc\u00e8s, de rectification, d&rsquo;annulation et d&rsquo;opposition conform\u00e9ment aux dispositions de la l\u00e9gislation en vigueur en mati\u00e8re de protection des donn\u00e9es personnelles.<br\/>Pour faire usage de l&rsquo;exercice de ces droits, l&rsquo;utilisateur doit contacter la communication \u00e9crite, fournir des documents prouvant votre identit\u00e9 (DNI ou passeport), \u00e0 l&rsquo;adresse suivante : Cenefas SL, Poligono Industrial Vereda sur (cl a), PARC. 2, Beniparrell, 46469, Valence ou l&rsquo;adresse qui est remplac\u00e9e dans le Registre g\u00e9n\u00e9ral de la protection des donn\u00e9es. Cette communication doit refl\u00e9ter les informations suivantes : nom et pr\u00e9nom de l&rsquo;utilisateur, demande de candidature, adresse et donn\u00e9es justificatives.<br\/>L&rsquo;exercice des droits doit \u00eatre effectu\u00e9 par l&rsquo;utilisateur lui-m\u00eame. Toutefois, ils peuvent \u00eatre ex\u00e9cut\u00e9s par une personne autoris\u00e9e en tant que repr\u00e9sentant l\u00e9gal de la personne autoris\u00e9e. Dans ce cas, la documentation qui accr\u00e9dite cette repr\u00e9sentation de l&rsquo;int\u00e9ress\u00e9 doit \u00eatre fournie.&#13;\n&#13;\n<\/p>\n","protected":false},"excerpt":{"rendered":"<p>1. Politique de confidentialit\u00e9 Cenefas S.L. informe les utilisateurs du site Web de sa politique en mati\u00e8re de traitement et de protection des donn\u00e9es personnelles des utilisateurs et des clients qui peuvent \u00eatre collect\u00e9es en naviguant ou en contractant des services via son site Web. En ce sens, Cenefas S.L. garantit le respect de la [&hellip;]<\/p>\n","protected":false},"author":1,"featured_media":0,"parent":0,"menu_order":0,"comment_status":"closed","ping_status":"closed","template":"","meta":{"footnotes":""},"class_list":["post-2987","page","type-page","status-publish","hentry"],"_links":{"self":[{"href":"https:\/\/cenefas-sl.com\/fr\/wp-json\/wp\/v2\/pages\/2987","targetHints":{"allow":["GET"]}}],"collection":[{"href":"https:\/\/cenefas-sl.com\/fr\/wp-json\/wp\/v2\/pages"}],"about":[{"href":"https:\/\/cenefas-sl.com\/fr\/wp-json\/wp\/v2\/types\/page"}],"author":[{"embeddable":true,"href":"https:\/\/cenefas-sl.com\/fr\/wp-json\/wp\/v2\/users\/1"}],"replies":[{"embeddable":true,"href":"https:\/\/cenefas-sl.com\/fr\/wp-json\/wp\/v2\/comments?post=2987"}],"version-history":[{"count":1,"href":"https:\/\/cenefas-sl.com\/fr\/wp-json\/wp\/v2\/pages\/2987\/revisions"}],"predecessor-version":[{"id":2988,"href":"https:\/\/cenefas-sl.com\/fr\/wp-json\/wp\/v2\/pages\/2987\/revisions\/2988"}],"wp:attachment":[{"href":"https:\/\/cenefas-sl.com\/fr\/wp-json\/wp\/v2\/media?parent=2987"}],"curies":[{"name":"wp","href":"https:\/\/api.w.org\/{rel}","templated":true}]}}